{"id":2720,"date":"2015-07-01T14:51:16","date_gmt":"2015-07-01T13:51:16","guid":{"rendered":"http:\/\/www.monopolitourism.com\/en\/contatti\/"},"modified":"2026-02-18T09:17:36","modified_gmt":"2026-02-18T08:17:36","slug":"contatti-2","status":"publish","type":"page","link":"https:\/\/monopolitourism.com\/en\/contatti-2\/","title":{"rendered":"Contacts"},"content":{"rendered":"<p>[vc_row full_width=&#8221;stretch_row&#8221;][vc_column]\n\t\t\t<section class=\"image-square left\">\n\t\t\t    <div class=\"col-md-6 image\">\n\t\t\t        <div class=\"background-image-holder\">\n\t\t\t            <img width=\"876\" height=\"876\" src=\"https:\/\/monopolitourism.com\/wp-content\/uploads\/2021\/10\/Schermata-2021-10-28-alle-16.18.19.png\" class=\"background-image\" alt=\"\" decoding=\"async\" loading=\"lazy\" srcset=\"https:\/\/monopolitourism.com\/wp-content\/uploads\/2021\/10\/Schermata-2021-10-28-alle-16.18.19.png 876w, https:\/\/monopolitourism.com\/wp-content\/uploads\/2021\/10\/Schermata-2021-10-28-alle-16.18.19-300x300.png 300w, https:\/\/monopolitourism.com\/wp-content\/uploads\/2021\/10\/Schermata-2021-10-28-alle-16.18.19-150x150.png 150w, https:\/\/monopolitourism.com\/wp-content\/uploads\/2021\/10\/Schermata-2021-10-28-alle-16.18.19-768x768.png 768w, https:\/\/monopolitourism.com\/wp-content\/uploads\/2021\/10\/Schermata-2021-10-28-alle-16.18.19-60x60.png 60w, https:\/\/monopolitourism.com\/wp-content\/uploads\/2021\/10\/Schermata-2021-10-28-alle-16.18.19-500x500.png 500w\" sizes=\"(max-width: 876px) 100vw, 876px\" \/>\n\t\t\t        <\/div>\n\t\t\t    <\/div>\n\t\t\t    <div class=\"col-md-6 col-md-offset-1 content\">\n\t\t\t        [vc_column_text]<\/p>\n<h4 class=\"uppercase\">INFO-POINT PIAZZA GARIBALDI &#8220;SALA DEI PESCATORI&#8221;<\/h4>\n<p><strong>A:<\/strong> Piazza Garibaldi, 24<br \/>\n<strong>P:<\/strong> +39 080 414 0264<br \/>\n<strong>E<\/strong>: <a href=\"mailto:info.monopoli@viaggiareinpuglia.it\">info.<span class=\"markhwcg0recg\" data-markjs=\"true\" data-ogac=\"\" data-ogab=\"\" data-ogsc=\"\" data-ogsb=\"\">monopoli<\/span>@viaggiareinpuglia.it<\/a><br \/>\n<strong>M:<\/strong> <a href=\"https:\/\/goo.gl\/maps\/5JA2zYXcFW7Bz17G6\" target=\"_blank\" rel=\"noopener\">GO TO MAP<\/a><\/p>\n<p><strong>OPENING TIME<\/strong><\/p>\n<p>mon-fri &#8211; from 10.00 AM to 03.00 PM<br \/>\nsat-sun &#8211; from 01.00 PM to 07.00 PM[\/vc_column_text]\n\t\t\t    <\/div>\n\t\t\t<\/section>\n\t\t[\/vc_column][\/vc_row][vc_row full_width=&#8221;stretch_row&#8221;][vc_column]\n\t\t\t<section class=\"image-square right\">\n\t\t\t    <div class=\"col-md-6 image\">\n\t\t\t        <div class=\"background-image-holder\">\n\t\t\t            <img width=\"742\" height=\"742\" src=\"https:\/\/monopolitourism.com\/wp-content\/uploads\/2021\/10\/Schermata-2021-10-28-alle-16.23.46.png\" class=\"background-image\" alt=\"\" decoding=\"async\" loading=\"lazy\" srcset=\"https:\/\/monopolitourism.com\/wp-content\/uploads\/2021\/10\/Schermata-2021-10-28-alle-16.23.46.png 742w, https:\/\/monopolitourism.com\/wp-content\/uploads\/2021\/10\/Schermata-2021-10-28-alle-16.23.46-300x300.png 300w, https:\/\/monopolitourism.com\/wp-content\/uploads\/2021\/10\/Schermata-2021-10-28-alle-16.23.46-150x150.png 150w, https:\/\/monopolitourism.com\/wp-content\/uploads\/2021\/10\/Schermata-2021-10-28-alle-16.23.46-60x60.png 60w, https:\/\/monopolitourism.com\/wp-content\/uploads\/2021\/10\/Schermata-2021-10-28-alle-16.23.46-500x500.png 500w\" sizes=\"(max-width: 742px) 100vw, 742px\" \/>\n\t\t\t        <\/div>\n\t\t\t    <\/div>\n\t\t\t    <div class=\"col-md-6 content\">\n\t\t\t        [vc_column_text]<\/p>\n<h4 class=\"uppercase\">INFO-POINT TRAIN STATION<\/h4>\n<p><strong>A:<\/strong>\u00a0Largo Stazione<br \/>\n<strong>E<\/strong>: <a href=\"mailto:info.monopoli@viaggiareinpuglia.it\">info.<span class=\"markhwcg0recg\" data-markjs=\"true\" data-ogac=\"\" data-ogab=\"\" data-ogsc=\"\" data-ogsb=\"\">monopoli<\/span>@viaggiareinpuglia.it<\/a><br \/>\n<strong>M:<\/strong> <a href=\"https:\/\/goo.gl\/maps\/14A9Ah87XkT2\" target=\"_blank\" rel=\"noopener\">GO TO MAP<\/a><\/p>\n<p><strong>OPENING TIME<br \/>\n<\/strong>sat-sun &#8211; 10.00 AM &#8211; 12.00 AM[\/vc_column_text]\n\t\t\t    <\/div>\n\t\t\t<\/section>\n\t\t[\/vc_column][\/vc_row][vc_row foundry_background_style=&#8221;bg-primary&#8221; foundry_padding=&#8221;pt180 pb180 pt-xs-80 pb-xs-80&#8243; parallax=&#8221;&#8221; parallax_image=&#8221;&#8221;][vc_column][vc_column_text]<\/p>\n<h3 class=\"uppercase mb40 mb-xs-24\" style=\"text-align: center;\">SEND AN E-MAIL<\/h3>\n<p>[\/vc_column_text]<div role=\"form\" class=\"wpcf7\" id=\"wpcf7-f4-o1\" lang=\"it-IT\" dir=\"ltr\">\n<div class=\"screen-reader-response\"><p role=\"status\" aria-live=\"polite\" aria-atomic=\"true\"><\/p> <ul><\/ul><\/div>\n<form action=\"\/en\/wp-json\/wp\/v2\/pages\/2720#wpcf7-f4-o1\" method=\"post\" class=\"wpcf7-form init\" novalidate=\"novalidate\" data-status=\"init\">\n<div style=\"display: none;\">\n<input type=\"hidden\" name=\"_wpcf7\" value=\"4\" \/>\n<input type=\"hidden\" name=\"_wpcf7_version\" value=\"5.6.4\" \/>\n<input type=\"hidden\" name=\"_wpcf7_locale\" value=\"it_IT\" \/>\n<input type=\"hidden\" name=\"_wpcf7_unit_tag\" value=\"wpcf7-f4-o1\" \/>\n<input type=\"hidden\" name=\"_wpcf7_container_post\" value=\"0\" \/>\n<input type=\"hidden\" name=\"_wpcf7_posted_data_hash\" value=\"\" \/>\n<input type=\"hidden\" name=\"_wpcf7_recaptcha_response\" value=\"\" \/>\n<\/div>\n<p>Il tuo nome*<br \/>\n    <span class=\"wpcf7-form-control-wrap\" data-name=\"your-name\"><input type=\"text\" name=\"your-name\" value=\"\" size=\"40\" class=\"wpcf7-form-control wpcf7-text wpcf7-validates-as-required\" aria-required=\"true\" aria-invalid=\"false\" \/><\/span> <\/p>\n<p>La tua email*<br \/>\n    <span class=\"wpcf7-form-control-wrap\" data-name=\"your-email\"><input type=\"email\" name=\"your-email\" value=\"\" size=\"40\" class=\"wpcf7-form-control wpcf7-text wpcf7-email wpcf7-validates-as-required wpcf7-validates-as-email\" aria-required=\"true\" aria-invalid=\"false\" \/><\/span> <\/p>\n<p>Oggetto<br \/>\n    <span class=\"wpcf7-form-control-wrap\" data-name=\"your-subject\"><input type=\"text\" name=\"your-subject\" value=\"\" size=\"40\" class=\"wpcf7-form-control wpcf7-text\" aria-invalid=\"false\" \/><\/span> <\/p>\n<p>Il tuo messaggio<br \/>\n    <span class=\"wpcf7-form-control-wrap\" data-name=\"your-message\"><textarea name=\"your-message\" cols=\"40\" rows=\"10\" class=\"wpcf7-form-control wpcf7-textarea\" aria-invalid=\"false\"><\/textarea><\/span> <\/p>\n<p><center>\n\n<p><\/center><\/p>\n<p><input type=\"submit\" value=\"Invia\" class=\"wpcf7-form-control has-spinner wpcf7-submit\" \/><\/p>\n<div class=\"wpcf7-response-output\" aria-hidden=\"true\"><\/div><\/form><\/div>[\/vc_column][\/vc_row]<\/p>\n<!-- Begin Yuzo --><div class='yuzo_related_post style-2'  data-version='5.12.82'><!-- without result --><div class='yuzo_clearfixed yuzo__title yuzo__title'><h4>Potrebbe interessarti...<\/h4><\/div>\n\t\t\t\t\t\t<div class=\"relatedthumb yuzo-list  \" style=\"\"  >  \n\t\t\t\t\t\t  <a  href=\"https:\/\/monopolitourism.com\/en\/2021\/05\/28\/prospero-fest-2021-authors-ideas-and-books-at-the-festival\/\" class=\"image-list\"  >\n\t\t\t\t\t\t  <div class=\"yuzo-img-wrap  ilen_shine \" style=\"width: 165px;height:130px;\">\n\t\t\t\t\t\t\t\t\t <span class='shine-effect'><\/span> \n\t\t\t\t\t\t\t\t\t <div class=\"yuzo-img\" style=\"background:url('https:\/\/monopolitourism.com\/wp-content\/uploads\/2021\/05\/Prospero_Fest_24_05_2021-9-300x200.jpg') 50% 50% no-repeat;width: 170px;height:130px;margin-bottom: 5px;background-size:  cover;  \"><\/div>\n\t\t\t\t\t\t  <\/div>\n\t\t\t\t\t\t  <\/a>\n\t\t\t\t\t\t  <a  class=\"link-list yuzo__text--title\" href=\"https:\/\/monopolitourism.com\/en\/2021\/05\/28\/prospero-fest-2021-authors-ideas-and-books-at-the-festival\/\" style=\"font-size:16px;font-weight:bold;;line-height:24px;\"> Prospero Fest 2021: Authors, Ideas and Books at th...  <\/a>\n\t\t\t\t\t\t\t\t<span class=\"yuzo_text\" style=\"font-size:12px;\" >Prospero Fest returns to Monopoli from June 12th to 18th. For the 2021 summer edition, which makes up for the 2020 edition that was suspended a few days before its start due to the pandemic, Prospero Fest boasts the collaboration of Nicola Lagioia, Director of the Turin International Book Fair who edited the section of \u201cLe stagioni di Prospero \".\r\n...<\/span>\n\t\t\t\t\t\t   \n\t\t\t\t\t\t<\/div>\n\t\t\t\t\t\t<div class=\"relatedthumb yuzo-list  \" style=\"\"  >  \n\t\t\t\t\t\t  <a  href=\"https:\/\/monopolitourism.com\/en\/2016\/05\/04\/15-settembre-30-ottobre-phest\/\" class=\"image-list\"  >\n\t\t\t\t\t\t  <div class=\"yuzo-img-wrap  ilen_shine \" style=\"width: 165px;height:130px;\">\n\t\t\t\t\t\t\t\t\t <span class='shine-effect'><\/span> \n\t\t\t\t\t\t\t\t\t <div class=\"yuzo-img\" style=\"background:url('https:\/\/monopolitourism.com\/wp-content\/uploads\/2016\/05\/phest-300x200.jpg') 50% 50% no-repeat;width: 170px;height:130px;margin-bottom: 5px;background-size:  cover;  \"><\/div>\n\t\t\t\t\t\t  <\/div>\n\t\t\t\t\t\t  <\/a>\n\t\t\t\t\t\t  <a  class=\"link-list yuzo__text--title\" href=\"https:\/\/monopolitourism.com\/en\/2016\/05\/04\/15-settembre-30-ottobre-phest\/\" style=\"font-size:16px;font-weight:bold;;line-height:24px;\"> 15 settembre \/ 30 ottobre \u2013 PhEST  <\/a>\n\t\t\t\t\t\t\t\t<span class=\"yuzo_text\" style=\"font-size:12px;\" >PhEST:\u00a0una\u00a0festa\u00a0della\u00a0fotografia\u00a0a\u00a0Monopoli\r\n\r\n15 settembre -\u00a030 ottobre \/ Castello di Monopoli\r\n\r\nPhEST \u00e8 una festa internazionale della fotografia (Photography) che guarda a EST a partire dal punto di vista privilegiato di Monopoli. La prima edizione di quello che diventer\u00e0 un appuntamento fisso per la citt\u00e0 \u00e8 prevista dal 15 settembre al 30 ott...<\/span>\n\t\t\t\t\t\t   \n\t\t\t\t\t\t<\/div>\n\t\t\t\t\t\t<div class=\"relatedthumb yuzo-list  \" style=\"\"  >  \n\t\t\t\t\t\t  <a  href=\"https:\/\/monopolitourism.com\/en\/2025\/07\/15\/experience-summer-2025-in-monopoli-events-schedule\/\" class=\"image-list\"  >\n\t\t\t\t\t\t  <div class=\"yuzo-img-wrap  ilen_shine \" style=\"width: 165px;height:130px;\">\n\t\t\t\t\t\t\t\t\t <span class='shine-effect'><\/span> \n\t\t\t\t\t\t\t\t\t <div class=\"yuzo-img\" style=\"background:url('https:\/\/monopolitourism.com\/wp-content\/uploads\/2025\/07\/Eventi-Feste-di-Citta\u0300-Feste-di-Contrada...-Vivi-la-tua-Estate-2025-a-Monopoli-scopri-il-Programma-Eventi-copia-1.png') 50% 50% no-repeat;width: 170px;height:130px;margin-bottom: 5px;background-size:  cover;  \"><\/div>\n\t\t\t\t\t\t  <\/div>\n\t\t\t\t\t\t  <\/a>\n\t\t\t\t\t\t  <a  class=\"link-list yuzo__text--title\" href=\"https:\/\/monopolitourism.com\/en\/2025\/07\/15\/experience-summer-2025-in-monopoli-events-schedule\/\" style=\"font-size:16px;font-weight:bold;;line-height:24px;\"> Experience Summer 2025 in Monopoli | Events Schedu...  <\/a>\n\t\t\t\t\t\t\t\t<span class=\"yuzo_text\" style=\"font-size:12px;\" >Events, City Festivals, District Festivals...\r\nEnjoy your Summer 2025 in Monopoli, discover the Events Program!\r\nDownload the program<\/span>\n\t\t\t\t\t\t   \n\t\t\t\t\t\t<\/div>\n\t\t\t\t\t\t<div class=\"relatedthumb yuzo-list  \" style=\"\"  >  \n\t\t\t\t\t\t  <a  href=\"https:\/\/monopolitourism.com\/en\/2024\/02\/07\/voxfem-2023-aftermovie-2\/\" class=\"image-list\"  >\n\t\t\t\t\t\t  <div class=\"yuzo-img-wrap  ilen_shine \" style=\"width: 165px;height:130px;\">\n\t\t\t\t\t\t\t\t\t <span class='shine-effect'><\/span> \n\t\t\t\t\t\t\t\t\t <div class=\"yuzo-img\" style=\"background:url('https:\/\/www.monopolitourism.com\/wp-content\/plugins\/yuzo-related-post\/assets\/images\/default.png') 50% 50% no-repeat;width: 170px;height:130px;margin-bottom: 5px;background-size:  cover;  \"><\/div>\n\t\t\t\t\t\t  <\/div>\n\t\t\t\t\t\t  <\/a>\n\t\t\t\t\t\t  <a  class=\"link-list yuzo__text--title\" href=\"https:\/\/monopolitourism.com\/en\/2024\/02\/07\/voxfem-2023-aftermovie-2\/\" style=\"font-size:16px;font-weight:bold;;line-height:24px;\"> Visit Monopoli 2024  <\/a>\n\t\t\t\t\t\t\t\t<span class=\"yuzo_text\" style=\"font-size:12px;\" >This year, the City of Monopoli also participated in BIT24, the International Tourism Exchange, to present the calendar of events for 2024. Discover the program on our website and mark the dates on your calendar; a new year of cultural and recreational proposals awaits you, catering to all tastes and ages.<\/span>\n\t\t\t\t\t\t   \n\t\t\t\t\t\t<\/div>\n<\/div> <style>\n\t\t\t\t\t\t.yuzo_related_post .relatedthumb { background: !important; -webkit-transition: background 0.2s linear; -moz-transition: background 0.2s linear; -o-transition: background 0.2s linear; transition: background 0.2s linear;;color:!important; }\n\t\t\t\t\t\t.yuzo_related_post .relatedthumb:hover{background:#f7f7f7 !important;color:!important;}\n\t\t\t\t\t\t.yuzo_related_post .yuzo_text {color:!important;}\n\t\t\t\t\t\t.yuzo_related_post .relatedthumb:hover .yuzo_text {color:!important;}\n\t\t\t\t\t\t.yuzo_related_post .relatedthumb a{color:!important;}\n\t\t\t\t\t\t.yuzo_related_post .relatedthumb a:hover{color:!important;}\n\t\t\t\t\t\t.yuzo_related_post .relatedthumb:hover a{ color:!important;}\n\t\t\t\t\t\t.yuzo_related_post .relatedthumb{  margin: 0px  0px  0px  0px;   padding: 20px  5px  5px  5px;  }\n\t\t\t\t\t\t.yuzo_related_post .relatedthumb{}\n\t\t\t\t\t\t<\/style>  <!-- End Yuzo :) -->","protected":false},"excerpt":{"rendered":"<p>[vc_row full_width=&#8221;stretch_row&#8221;][vc_column][\/vc_column][\/vc_row][vc_row full_width=&#8221;stretch_row&#8221;][vc_column][\/vc_column][\/vc_row][vc_row foundry_background_style=&#8221;bg-primary&#8221; foundry_padding=&#8221;pt180 pb180 pt-xs-80 pb-xs-80&#8243; parallax=&#8221;&#8221; parallax_image=&#8221;&#8221;][vc_column][vc_column_text] SEND AN E-MAIL [\/vc_column_text][\/vc_column][\/vc_row] Potrebbe interessarti&#8230; \u201cMonopoli Beach Link\u201d: to the&#8230;<\/p>\n","protected":false},"author":15,"featured_media":0,"parent":0,"menu_order":0,"comment_status":"open","ping_status":"open","template":"","meta":[],"acf":[],"_links":{"self":[{"href":"https:\/\/monopolitourism.com\/en\/wp-json\/wp\/v2\/pages\/2720"}],"collection":[{"href":"https:\/\/monopolitourism.com\/en\/wp-json\/wp\/v2\/pages"}],"about":[{"href":"https:\/\/monopolitourism.com\/en\/wp-json\/wp\/v2\/types\/page"}],"author":[{"embeddable":true,"href":"https:\/\/monopolitourism.com\/en\/wp-json\/wp\/v2\/users\/15"}],"replies":[{"embeddable":true,"href":"https:\/\/monopolitourism.com\/en\/wp-json\/wp\/v2\/comments?post=2720"}],"version-history":[{"count":21,"href":"https:\/\/monopolitourism.com\/en\/wp-json\/wp\/v2\/pages\/2720\/revisions"}],"predecessor-version":[{"id":8605,"href":"https:\/\/monopolitourism.com\/en\/wp-json\/wp\/v2\/pages\/2720\/revisions\/8605"}],"wp:attachment":[{"href":"https:\/\/monopolitourism.com\/en\/wp-json\/wp\/v2\/media?parent=2720"}],"curies":[{"name":"wp","href":"https:\/\/api.w.org\/{rel}","templated":true}]}}