{"id":2727,"date":"2016-02-08T16:38:37","date_gmt":"2016-02-08T15:38:37","guid":{"rendered":"http:\/\/www.monopolitourism.com\/en\/la-campagna-di-monopoli\/"},"modified":"2022-03-09T10:05:59","modified_gmt":"2022-03-09T09:05:59","slug":"monopolis-countryside","status":"publish","type":"page","link":"https:\/\/monopolitourism.com\/en\/monopolis-countryside\/","title":{"rendered":"Monopoli\u2019s countryside"},"content":{"rendered":"<p>[vc_row full_width=&#8221;stretch_row_content_no_spaces&#8221; css=&#8221;.vc_custom_1454081196888{margin-bottom: 0px !important;border-bottom-width: 0px !important;padding-bottom: 0px !important;}&#8221;][vc_column width=&#8221;1\/2&#8243;][vc_gallery type=&#8221;nivo&#8221; interval=&#8221;3&#8243; images=&#8221;1964,1965,1967,1969&#8243; img_size=&#8221;560&#215;780&#8243;][\/vc_column][vc_column width=&#8221;1\/2&#8243;][vc_column_text]<\/p>\n<h2 class=\"uppercase mb8\">Monopoli\u2019s countryside<\/h2>\n<p>To mention the countryside around Monopoli means <em>contrade<\/em> (districts). If you count them there are about one hundred of these, between the sea and the land. They are natural environments inhabited in every season and in particular in summer they become holiday resorts as a well-established tradition over the years. Between the dry stone walls you will cross some extraordinary landscapes characterised by historical, artistic and natural landmarks.<em> Trulli<\/em> (cylindrical stone houses with conical roofs) and fortified <em>Masserie<\/em> (farmhouses) developed in the period of transition between the medieval and the modern economy, are both examples of these landmarks. You can also visit churches, rock settlements, aristocratic villas, oak woods and secular olive trees.<\/p>\n<p>The flat area, known as the \u2018marina\u2019 is almost entirely reserved for the cultivation of olive trees and small scale vegetable production, while the sides of the Murgia coast called \u201c<em>serre<\/em>\u201d form a link between the plateau and the coastal plain. Mont San Nicola (Mount St Nicholas), which is an interesting faunal reserve, is situated at a height of 300 metres (950 ft.) on the Murgia plateau and is covered predominately by the local Mediterranean scrub. In this area, called \u201c<em>ai monti<\/em>\u201d, there are a large number of people who inhabit the contrada all year round, thanks to the number of agricultural activities, where the indigenous wooded scrub has been greatly reduced to leave space for orchards and olive groves.<\/p>\n<p>Thanks to the dramatic growth of tourism and the hard work of a lively rural community rural businesses offering <em>trulli<\/em>, farm houses, B&amp;Bs and agriculture have flourished, producing a wide range of local products and services which in turn have helped to boost the local economy.[\/vc_column_text][\/vc_column][\/vc_row][vc_row css=&#8221;.vc_custom_1454079314994{margin-top: 0px !important;border-top-width: 0px !important;padding-top: 60px !important;}&#8221;][vc_column][vc_separator][vc_column_text]<\/p>\n<h4 style=\"text-align: center;\">EXPLORING TOURS<\/h4>\n<p style=\"text-align: center;\">click on images<\/p>\n<p>[\/vc_column_text]\t\n\t\t\t\n\t\t<section class=\"projects\">\n\t\t    <div class=\"container\">\n\t\t    \n\t\t    \t<div class=\"row masonry-loader\">\n    <div class=\"col-sm-12 text-center\">\n        <div class=\"spinner\"><\/div>\n    <\/div>\n<\/div>\t\t        \n\t\t        <div class=\"row masonry masonryFlyIn\">\n\t\t\t        <div class=\"col-sm-6 masonry-item project\" data-filter=\"countryside\">\n    <div class=\"image-tile inner-title hover-reveal text-center\">\n        <a href=\"https:\/\/monopolitourism.com\/en\/tour\/towards-the-hill-masseria\/\">\n            <img width=\"728\" height=\"1024\" src=\"https:\/\/monopolitourism.com\/wp-content\/uploads\/2016\/02\/la-campagna-di-monopoli-5.jpg\" class=\"attachment-full size-full wp-post-image\" alt=\"La campagna di monopoli\" decoding=\"async\" loading=\"lazy\" srcset=\"https:\/\/monopolitourism.com\/wp-content\/uploads\/2016\/02\/la-campagna-di-monopoli-5.jpg 728w, https:\/\/monopolitourism.com\/wp-content\/uploads\/2016\/02\/la-campagna-di-monopoli-5-213x300.jpg 213w\" sizes=\"(max-width: 728px) 100vw, 728px\" \/>            <div class=\"title\">\n                <h5 class=\"uppercase mb0\">Towards the Hill, masseria<\/h5><span>countryside<\/span>            <\/div>\n        <\/a>\n    <\/div>\n<\/div><div class=\"col-sm-6 masonry-item project\" data-filter=\"countryside\">\n    <div class=\"image-tile inner-title hover-reveal text-center\">\n        <a href=\"https:\/\/monopolitourism.com\/en\/tour\/close-to-the-city-masseria\/\">\n            <img width=\"728\" height=\"1024\" src=\"https:\/\/monopolitourism.com\/wp-content\/uploads\/2016\/02\/intorno-alla-citta.jpg\" class=\"attachment-full size-full wp-post-image\" alt=\"\" decoding=\"async\" loading=\"lazy\" srcset=\"https:\/\/monopolitourism.com\/wp-content\/uploads\/2016\/02\/intorno-alla-citta.jpg 728w, https:\/\/monopolitourism.com\/wp-content\/uploads\/2016\/02\/intorno-alla-citta-213x300.jpg 213w\" sizes=\"(max-width: 728px) 100vw, 728px\" \/>            <div class=\"title\">\n                <h5 class=\"uppercase mb0\">Close to the city, masseria<\/h5><span>countryside<\/span>            <\/div>\n        <\/a>\n    <\/div>\n<\/div><div class=\"col-sm-6 masonry-item project\" data-filter=\"countryside\">\n    <div class=\"image-tile inner-title hover-reveal text-center\">\n        <a href=\"https:\/\/monopolitourism.com\/en\/tour\/in-the-heart-of-the-marina-masseria-tour\/\">\n            <img width=\"728\" height=\"1024\" src=\"https:\/\/monopolitourism.com\/wp-content\/uploads\/2016\/02\/masserie-della-marina.jpg\" class=\"attachment-full size-full wp-post-image\" alt=\"\" decoding=\"async\" loading=\"lazy\" srcset=\"https:\/\/monopolitourism.com\/wp-content\/uploads\/2016\/02\/masserie-della-marina.jpg 728w, https:\/\/monopolitourism.com\/wp-content\/uploads\/2016\/02\/masserie-della-marina-213x300.jpg 213w\" sizes=\"(max-width: 728px) 100vw, 728px\" \/>            <div class=\"title\">\n                <h5 class=\"uppercase mb0\">In the heart of the \u2018Marina\u2019, Masseria tour<\/h5><span>countryside<\/span>            <\/div>\n        <\/a>\n    <\/div>\n<\/div>\t\t        <\/div>\n\t\t        \n\t\t    <\/div>\n\t\t<\/section>\n\t\t\n\t\t\t\t\n[\/vc_column][\/vc_row]<\/p>\n<!-- Begin Yuzo --><div class='yuzo_related_post style-2'  data-version='5.12.82'><!-- without result --><div class='yuzo_clearfixed yuzo__title yuzo__title'><h4>Potrebbe interessarti...<\/h4><\/div>\n\t\t\t\t\t\t<div class=\"relatedthumb yuzo-list  \" style=\"\"  >  \n\t\t\t\t\t\t  <a  href=\"https:\/\/monopolitourism.com\/en\/2016\/05\/04\/2931-luglio-angeli-e-demoni-con-paolo-panaro\/\" class=\"image-list\"  >\n\t\t\t\t\t\t  <div class=\"yuzo-img-wrap  ilen_shine \" style=\"width: 165px;height:130px;\">\n\t\t\t\t\t\t\t\t\t <span class='shine-effect'><\/span> \n\t\t\t\t\t\t\t\t\t <div class=\"yuzo-img\" style=\"background:url('https:\/\/monopolitourism.com\/wp-content\/uploads\/2016\/05\/PaoloPanaro-300x200.jpg') 50% 50% no-repeat;width: 170px;height:130px;margin-bottom: 5px;background-size:  cover;  \"><\/div>\n\t\t\t\t\t\t  <\/div>\n\t\t\t\t\t\t  <\/a>\n\t\t\t\t\t\t  <a  class=\"link-list yuzo__text--title\" href=\"https:\/\/monopolitourism.com\/en\/2016\/05\/04\/2931-luglio-angeli-e-demoni-con-paolo-panaro\/\" style=\"font-size:16px;font-weight:bold;;line-height:24px;\"> 29\/31 luglio \u2013 \u201cAngeli e demoni\u201d...  <\/a>\n\t\t\t\t\t\t\t\t<span class=\"yuzo_text\" style=\"font-size:12px;\" >Concerti letterari con Paolo PANARO, voce narrante\r\n\r\nAngelo DE LEONARDIBUS, baritono\r\n\r\nProduzione Diaghilev srl\r\n\r\n\u00a0\r\n\r\n29 \/ 31 luglio \r\n\r\nOre 19.00 | contrada Conchia, 298 |MONOPOLI\u00a0presso \u201clama degli ulivi\u201d dei VIVAI CAPITANIO\r\n\r\n\u00a0\r\n\r\nIl progetto\r\n\r\nA partire dalla caduta dell\u2019Impero Romano per oltre un millennio, le nostre coste meri...<\/span>\n\t\t\t\t\t\t   \n\t\t\t\t\t\t<\/div>\n\t\t\t\t\t\t<div class=\"relatedthumb yuzo-list  \" style=\"\"  >  \n\t\t\t\t\t\t  <a  href=\"https:\/\/monopolitourism.com\/en\/2016\/05\/04\/15-settembre-30-ottobre-phest\/\" class=\"image-list\"  >\n\t\t\t\t\t\t  <div class=\"yuzo-img-wrap  ilen_shine \" style=\"width: 165px;height:130px;\">\n\t\t\t\t\t\t\t\t\t <span class='shine-effect'><\/span> \n\t\t\t\t\t\t\t\t\t <div class=\"yuzo-img\" style=\"background:url('https:\/\/monopolitourism.com\/wp-content\/uploads\/2016\/05\/phest-300x200.jpg') 50% 50% no-repeat;width: 170px;height:130px;margin-bottom: 5px;background-size:  cover;  \"><\/div>\n\t\t\t\t\t\t  <\/div>\n\t\t\t\t\t\t  <\/a>\n\t\t\t\t\t\t  <a  class=\"link-list yuzo__text--title\" href=\"https:\/\/monopolitourism.com\/en\/2016\/05\/04\/15-settembre-30-ottobre-phest\/\" style=\"font-size:16px;font-weight:bold;;line-height:24px;\"> 15 settembre \/ 30 ottobre \u2013 PhEST  <\/a>\n\t\t\t\t\t\t\t\t<span class=\"yuzo_text\" style=\"font-size:12px;\" >PhEST:\u00a0una\u00a0festa\u00a0della\u00a0fotografia\u00a0a\u00a0Monopoli\r\n\r\n15 settembre -\u00a030 ottobre \/ Castello di Monopoli\r\n\r\nPhEST \u00e8 una festa internazionale della fotografia (Photography) che guarda a EST a partire dal punto di vista privilegiato di Monopoli. La prima edizione di quello che diventer\u00e0 un appuntamento fisso per la citt\u00e0 \u00e8 prevista dal 15 settembre al 30 ott...<\/span>\n\t\t\t\t\t\t   \n\t\t\t\t\t\t<\/div>\n\t\t\t\t\t\t<div class=\"relatedthumb yuzo-list  \" style=\"\"  >  \n\t\t\t\t\t\t  <a  href=\"https:\/\/monopolitourism.com\/en\/servizi\/visita-antica-masseria-e-insediamenti-rupestri\/\" class=\"image-list\"  >\n\t\t\t\t\t\t  <div class=\"yuzo-img-wrap  ilen_shine \" style=\"width: 165px;height:130px;\">\n\t\t\t\t\t\t\t\t\t <span class='shine-effect'><\/span> \n\t\t\t\t\t\t\t\t\t <div class=\"yuzo-img\" style=\"background:url('https:\/\/monopolitourism.com\/wp-content\/uploads\/2022\/06\/phpThumb_generated_thumbnail-2.jpg') 50% 50% no-repeat;width: 170px;height:130px;margin-bottom: 5px;background-size:  cover;  \"><\/div>\n\t\t\t\t\t\t  <\/div>\n\t\t\t\t\t\t  <\/a>\n\t\t\t\t\t\t  <a  class=\"link-list yuzo__text--title\" href=\"https:\/\/monopolitourism.com\/en\/servizi\/visita-antica-masseria-e-insediamenti-rupestri\/\" style=\"font-size:16px;font-weight:bold;;line-height:24px;\"> Visita Antica Masseria e insediamenti rupestri  <\/a>\n\t\t\t\t\t\t\t\t<span class=\"yuzo_text\" style=\"font-size:12px;\" >Regalati un tour storico enogastronomico in una delle masserie pi\u00f9 belle della puglia. Vivi un viaggio in 1200 anni di storia alla scoperta di insediamenti rupestri, della necropoli e di una Chiesa Minore del XI sec., torre fortificata con l\u2019agrumeto interno, l\u2019antico frantoio ipogeo, la tintoria, la facciata esterna della Masseria e una Chiesa in ...<\/span>\n\t\t\t\t\t\t   \n\t\t\t\t\t\t<\/div>\n\t\t\t\t\t\t<div class=\"relatedthumb yuzo-list  \" style=\"\"  >  \n\t\t\t\t\t\t  <a  href=\"https:\/\/monopolitourism.com\/en\/2023\/05\/16\/ora-fest-the-festival-of-cinema-art-environment-and-social-justice-in-monopoli\/\" class=\"image-list\"  >\n\t\t\t\t\t\t  <div class=\"yuzo-img-wrap  ilen_shine \" style=\"width: 165px;height:130px;\">\n\t\t\t\t\t\t\t\t\t <span class='shine-effect'><\/span> \n\t\t\t\t\t\t\t\t\t <div class=\"yuzo-img\" style=\"background:url('https:\/\/monopolitourism.com\/wp-content\/uploads\/2023\/04\/ORAFEST_Slide_1920x1080_ITA-1.png') 50% 50% no-repeat;width: 170px;height:130px;margin-bottom: 5px;background-size:  cover;  \"><\/div>\n\t\t\t\t\t\t  <\/div>\n\t\t\t\t\t\t  <\/a>\n\t\t\t\t\t\t  <a  class=\"link-list yuzo__text--title\" href=\"https:\/\/monopolitourism.com\/en\/2023\/05\/16\/ora-fest-the-festival-of-cinema-art-environment-and-social-justice-in-monopoli\/\" style=\"font-size:16px;font-weight:bold;;line-height:24px;\"> ORA! FEST, The Festival of Cinema, Art, Environmen...  <\/a>\n\t\t\t\t\t\t\t\t<span class=\"yuzo_text\" style=\"font-size:12px;\" >In arrival ORA! FEST, the International film festival with a focus on the environment, art and social justice, scheduled from 3 to 7 June in Monopoli.\r\n\r\nMany Italian and international stars have already been confirmed. Oscar winner Marisa Tomei and the eclectic Terry Gilliam, superstars Matthew Modine, Matt Dillon, and Lawrence Bender, producer of...<\/span>\n\t\t\t\t\t\t   \n\t\t\t\t\t\t<\/div>\n<\/div> <style>\n\t\t\t\t\t\t.yuzo_related_post .relatedthumb { background: !important; -webkit-transition: background 0.2s linear; -moz-transition: background 0.2s linear; -o-transition: background 0.2s linear; transition: background 0.2s linear;;color:!important; }\n\t\t\t\t\t\t.yuzo_related_post .relatedthumb:hover{background:#f7f7f7 !important;color:!important;}\n\t\t\t\t\t\t.yuzo_related_post .yuzo_text {color:!important;}\n\t\t\t\t\t\t.yuzo_related_post .relatedthumb:hover .yuzo_text {color:!important;}\n\t\t\t\t\t\t.yuzo_related_post .relatedthumb a{color:!important;}\n\t\t\t\t\t\t.yuzo_related_post .relatedthumb a:hover{color:!important;}\n\t\t\t\t\t\t.yuzo_related_post .relatedthumb:hover a{ color:!important;}\n\t\t\t\t\t\t.yuzo_related_post .relatedthumb{  margin: 0px  0px  0px  0px;   padding: 20px  5px  5px  5px;  }\n\t\t\t\t\t\t.yuzo_related_post .relatedthumb{}\n\t\t\t\t\t\t<\/style>  <!-- End Yuzo :) -->","protected":false},"excerpt":{"rendered":"<p>[vc_row full_width=&#8221;stretch_row_content_no_spaces&#8221; css=&#8221;.vc_custom_1454081196888{margin-bottom: 0px !important;border-bottom-width: 0px !important;padding-bottom: 0px !important;}&#8221;][vc_column width=&#8221;1\/2&#8243;][vc_gallery type=&#8221;nivo&#8221; interval=&#8221;3&#8243; images=&#8221;1964,1965,1967,1969&#8243; img_size=&#8221;560&#215;780&#8243;][\/vc_column][vc_column width=&#8221;1\/2&#8243;][vc_column_text] Monopoli\u2019s countryside To mention the countryside&#8230;<\/p>\n","protected":false},"author":15,"featured_media":0,"parent":0,"menu_order":1,"comment_status":"closed","ping_status":"closed","template":"","meta":[],"acf":[],"_links":{"self":[{"href":"https:\/\/monopolitourism.com\/en\/wp-json\/wp\/v2\/pages\/2727"}],"collection":[{"href":"https:\/\/monopolitourism.com\/en\/wp-json\/wp\/v2\/pages"}],"about":[{"href":"https:\/\/monopolitourism.com\/en\/wp-json\/wp\/v2\/types\/page"}],"author":[{"embeddable":true,"href":"https:\/\/monopolitourism.com\/en\/wp-json\/wp\/v2\/users\/15"}],"replies":[{"embeddable":true,"href":"https:\/\/monopolitourism.com\/en\/wp-json\/wp\/v2\/comments?post=2727"}],"version-history":[{"count":4,"href":"https:\/\/monopolitourism.com\/en\/wp-json\/wp\/v2\/pages\/2727\/revisions"}],"predecessor-version":[{"id":5347,"href":"https:\/\/monopolitourism.com\/en\/wp-json\/wp\/v2\/pages\/2727\/revisions\/5347"}],"wp:attachment":[{"href":"https:\/\/monopolitourism.com\/en\/wp-json\/wp\/v2\/media?parent=2727"}],"curies":[{"name":"wp","href":"https:\/\/api.w.org\/{rel}","templated":true}]}}