{"id":4270,"date":"2016-05-04T12:28:47","date_gmt":"2016-05-04T10:28:47","guid":{"rendered":"http:\/\/www.monopolitourism.com\/?page_id=4270"},"modified":"2021-01-28T17:55:30","modified_gmt":"2021-01-28T16:55:30","slug":"themis-cruising-in-beauty","status":"publish","type":"page","link":"https:\/\/monopolitourism.com\/en\/themis-cruising-in-beauty\/","title":{"rendered":"THEMIS Cruising in beauty"},"content":{"rendered":"<p>[vc_row full_width=&#8221;stretch_row_content_no_spaces&#8221; css=&#8221;.vc_custom_1454081196888{margin-bottom: 0px !important;border-bottom-width: 0px !important;padding-bottom: 0px !important;}&#8221;][vc_column width=&#8221;1\/4&#8243;][\/vc_column][vc_column width=&#8221;1\/2&#8243;][vc_single_image image=&#8221;4271&#8243; img_size=&#8221;full&#8221; alignment=&#8221;center&#8221;][vc_single_image image=&#8221;4273&#8243; img_size=&#8221;full&#8221; alignment=&#8221;center&#8221;][\/vc_column][vc_column width=&#8221;1\/4&#8243;][\/vc_column][\/vc_row][vc_row css=&#8221;.vc_custom_1454079314994{margin-top: 0px !important;border-top-width: 0px !important;padding-top: 60px !important;}&#8221;][vc_column][vc_separator][vc_column_text]<\/p>\n<h4 style=\"text-align: center;\">CRUISING IN BEAUTY<\/h4>\n<p style=\"text-align: center;\">click on the images below<\/p>\n<p>[\/vc_column_text][\/vc_column][\/vc_row][vc_row css=&#8221;.vc_custom_1611742571919{margin-top: 0px !important;border-top-width: 0px !important;padding-top: 20px !important;}&#8221;][vc_column width=&#8221;1\/4&#8243;][vc_single_image image=&#8221;4277&#8243; img_size=&#8221;500&#215;500&#8243; alignment=&#8221;center&#8221; onclick=&#8221;custom_link&#8221; link=&#8221;https:\/\/www.monopolitourism.com\/en\/tour\/themis-culture\/&#8221;][\/vc_column][vc_column width=&#8221;1\/4&#8243;][vc_single_image image=&#8221;4283&#8243; img_size=&#8221;500&#215;500&#8243; alignment=&#8221;center&#8221; onclick=&#8221;custom_link&#8221; link=&#8221;https:\/\/www.monopolitourism.com\/en\/tour\/themis-nature\/ &#8220;][\/vc_column][vc_column width=&#8221;1\/4&#8243;][vc_single_image image=&#8221;4281&#8243; img_size=&#8221;500&#215;500&#8243; alignment=&#8221;center&#8221; onclick=&#8221;custom_link&#8221; link=&#8221;https:\/\/www.monopolitourism.com\/en\/tour\/themis-food\/&#8221;][\/vc_column][vc_column width=&#8221;1\/4&#8243;][vc_single_image image=&#8221;4279&#8243; img_size=&#8221;500&#215;500&#8243; alignment=&#8221;center&#8221; onclick=&#8221;custom_link&#8221; link=&#8221;https:\/\/www.monopolitourism.com\/en\/tour\/themis-experience\/&#8221;][\/vc_column][\/vc_row]<\/p>\n<!-- Begin Yuzo --><div class='yuzo_related_post style-2'  data-version='5.12.82'><!-- without result --><div class='yuzo_clearfixed yuzo__title yuzo__title'><h4>Potrebbe interessarti...<\/h4><\/div>\n\t\t\t\t\t\t<div class=\"relatedthumb yuzo-list  \" style=\"\"  >  \n\t\t\t\t\t\t  <a  href=\"https:\/\/monopolitourism.com\/en\/servizi\/laboratorio-di-mozzarelle-in-masseria\/\" class=\"image-list\"  >\n\t\t\t\t\t\t  <div class=\"yuzo-img-wrap  ilen_shine \" style=\"width: 165px;height:130px;\">\n\t\t\t\t\t\t\t\t\t <span class='shine-effect'><\/span> \n\t\t\t\t\t\t\t\t\t <div class=\"yuzo-img\" style=\"background:url('https:\/\/monopolitourism.com\/wp-content\/uploads\/2022\/06\/mozzarelle-300x199.jpg') 50% 50% no-repeat;width: 170px;height:130px;margin-bottom: 5px;background-size:  cover;  \"><\/div>\n\t\t\t\t\t\t  <\/div>\n\t\t\t\t\t\t  <\/a>\n\t\t\t\t\t\t  <a  class=\"link-list yuzo__text--title\" href=\"https:\/\/monopolitourism.com\/en\/servizi\/laboratorio-di-mozzarelle-in-masseria\/\" style=\"font-size:16px;font-weight:bold;;line-height:24px;\"> Laboratorio di mozzarelle in masseria  <\/a>\n\t\t\t\t\t\t\t\t<span class=\"yuzo_text\" style=\"font-size:12px;\" >In un caseificio presso una masseria storica con allevamento di animali assisterete all\u2019intero processo di produzione della mozzarella, della burratina ed altri formaggi tipici locali.\r\n\r\nL\u2019esperienza dura circa 50 minuti e seguir\u00e0 una degustazione di salumi e formaggi prodotti nel caseificio.<\/span>\n\t\t\t\t\t\t   \n\t\t\t\t\t\t<\/div>\n\t\t\t\t\t\t<div class=\"relatedthumb yuzo-list  \" style=\"\"  >  \n\t\t\t\t\t\t  <a  href=\"https:\/\/monopolitourism.com\/en\/2016\/05\/04\/29-luglio-11-settembre-scatti-di-poesia\/\" class=\"image-list\"  >\n\t\t\t\t\t\t  <div class=\"yuzo-img-wrap  ilen_shine \" style=\"width: 165px;height:130px;\">\n\t\t\t\t\t\t\t\t\t <span class='shine-effect'><\/span> \n\t\t\t\t\t\t\t\t\t <div class=\"yuzo-img\" style=\"background:url('https:\/\/monopolitourism.com\/wp-content\/uploads\/2016\/05\/scatti-300x200.jpg') 50% 50% no-repeat;width: 170px;height:130px;margin-bottom: 5px;background-size:  cover;  \"><\/div>\n\t\t\t\t\t\t  <\/div>\n\t\t\t\t\t\t  <\/a>\n\t\t\t\t\t\t  <a  class=\"link-list yuzo__text--title\" href=\"https:\/\/monopolitourism.com\/en\/2016\/05\/04\/29-luglio-11-settembre-scatti-di-poesia\/\" style=\"font-size:16px;font-weight:bold;;line-height:24px;\"> 29 luglio \/ 11 settembre \u2013 Scatti di poesia  <\/a>\n\t\t\t\t\t\t\t\t<span class=\"yuzo_text\" style=\"font-size:12px;\" >SCATTI DI POESIA\r\n\r\n29 luglio \u2013 11 settembre \/ Castello Carlo V\r\n\r\nLa terza edizione del progetto Scatti di poesia intende confermare e sviluppare i contenuti espressi attraverso le prime due edizioni, al fine di offrire un\u2019occasione importante per rileggere creativamente il profilo culturale della Puglia, cos\u00ec come interpretato da voci poetiche ch...<\/span>\n\t\t\t\t\t\t   \n\t\t\t\t\t\t<\/div>\n\t\t\t\t\t\t<div class=\"relatedthumb yuzo-list  \" style=\"\"  >  \n\t\t\t\t\t\t  <a  href=\"https:\/\/monopolitourism.com\/en\/2016\/05\/04\/2-4-settembre-festival-jazz-n-monopoli\/\" class=\"image-list\"  >\n\t\t\t\t\t\t  <div class=\"yuzo-img-wrap  ilen_shine \" style=\"width: 165px;height:130px;\">\n\t\t\t\t\t\t\t\t\t <span class='shine-effect'><\/span> \n\t\t\t\t\t\t\t\t\t <div class=\"yuzo-img\" style=\"background:url('https:\/\/monopolitourism.com\/wp-content\/uploads\/2016\/05\/telesforo-300x200.jpg') 50% 50% no-repeat;width: 170px;height:130px;margin-bottom: 5px;background-size:  cover;  \"><\/div>\n\t\t\t\t\t\t  <\/div>\n\t\t\t\t\t\t  <\/a>\n\t\t\t\t\t\t  <a  class=\"link-list yuzo__text--title\" href=\"https:\/\/monopolitourism.com\/en\/2016\/05\/04\/2-4-settembre-festival-jazz-n-monopoli\/\" style=\"font-size:16px;font-weight:bold;;line-height:24px;\"> 2 \/ 4 settembre \u2013 Festival Jazz \u201cn&#82...  <\/a>\n\t\t\t\t\t\t\t\t<span class=\"yuzo_text\" style=\"font-size:12px;\" >FESTIVAL JAZZ \u201cN\u201d MONOPOLI\r\n\r\n2 \/ 3 \/ 4 SETTEMBRE 2016\r\n\r\nPiazza Palmieri \u2013 Piazza Vittorio Emanuele\r\n\r\nL'idea progetto \u00e8 organizzare un festival jazz di alto livello: l'organizzazione \u00e8 affidata alla Musica Art Management.\r\n\r\nQuest\u2019anno oltre ad un cast artistico eccellente, le novit\u00e0 di spicco saranno: l\u2019inserimento di 3 band jazz locali, una per...<\/span>\n\t\t\t\t\t\t   \n\t\t\t\t\t\t<\/div>\n\t\t\t\t\t\t<div class=\"relatedthumb yuzo-list  \" style=\"\"  >  \n\t\t\t\t\t\t  <a  href=\"https:\/\/monopolitourism.com\/en\/2016\/05\/04\/15-settembre-30-ottobre-phest\/\" class=\"image-list\"  >\n\t\t\t\t\t\t  <div class=\"yuzo-img-wrap  ilen_shine \" style=\"width: 165px;height:130px;\">\n\t\t\t\t\t\t\t\t\t <span class='shine-effect'><\/span> \n\t\t\t\t\t\t\t\t\t <div class=\"yuzo-img\" style=\"background:url('https:\/\/monopolitourism.com\/wp-content\/uploads\/2016\/05\/phest-300x200.jpg') 50% 50% no-repeat;width: 170px;height:130px;margin-bottom: 5px;background-size:  cover;  \"><\/div>\n\t\t\t\t\t\t  <\/div>\n\t\t\t\t\t\t  <\/a>\n\t\t\t\t\t\t  <a  class=\"link-list yuzo__text--title\" href=\"https:\/\/monopolitourism.com\/en\/2016\/05\/04\/15-settembre-30-ottobre-phest\/\" style=\"font-size:16px;font-weight:bold;;line-height:24px;\"> 15 settembre \/ 30 ottobre \u2013 PhEST  <\/a>\n\t\t\t\t\t\t\t\t<span class=\"yuzo_text\" style=\"font-size:12px;\" >PhEST:\u00a0una\u00a0festa\u00a0della\u00a0fotografia\u00a0a\u00a0Monopoli\r\n\r\n15 settembre -\u00a030 ottobre \/ Castello di Monopoli\r\n\r\nPhEST \u00e8 una festa internazionale della fotografia (Photography) che guarda a EST a partire dal punto di vista privilegiato di Monopoli. La prima edizione di quello che diventer\u00e0 un appuntamento fisso per la citt\u00e0 \u00e8 prevista dal 15 settembre al 30 ott...<\/span>\n\t\t\t\t\t\t   \n\t\t\t\t\t\t<\/div>\n<\/div> <style>\n\t\t\t\t\t\t.yuzo_related_post .relatedthumb { background: !important; -webkit-transition: background 0.2s linear; -moz-transition: background 0.2s linear; -o-transition: background 0.2s linear; transition: background 0.2s linear;;color:!important; }\n\t\t\t\t\t\t.yuzo_related_post .relatedthumb:hover{background:#f7f7f7 !important;color:!important;}\n\t\t\t\t\t\t.yuzo_related_post .yuzo_text {color:!important;}\n\t\t\t\t\t\t.yuzo_related_post .relatedthumb:hover .yuzo_text {color:!important;}\n\t\t\t\t\t\t.yuzo_related_post .relatedthumb a{color:!important;}\n\t\t\t\t\t\t.yuzo_related_post .relatedthumb a:hover{color:!important;}\n\t\t\t\t\t\t.yuzo_related_post .relatedthumb:hover a{ color:!important;}\n\t\t\t\t\t\t.yuzo_related_post .relatedthumb{  margin: 0px  0px  0px  0px;   padding: 20px  5px  5px  5px;  }\n\t\t\t\t\t\t.yuzo_related_post .relatedthumb{}\n\t\t\t\t\t\t<\/style>  <!-- End Yuzo :) -->","protected":false},"excerpt":{"rendered":"<p>[vc_row full_width=&#8221;stretch_row_content_no_spaces&#8221; css=&#8221;.vc_custom_1454081196888{margin-bottom: 0px !important;border-bottom-width: 0px !important;padding-bottom: 0px !important;}&#8221;][vc_column width=&#8221;1\/4&#8243;][\/vc_column][vc_column width=&#8221;1\/2&#8243;][vc_single_image image=&#8221;4271&#8243; img_size=&#8221;full&#8221; alignment=&#8221;center&#8221;][vc_single_image image=&#8221;4273&#8243; img_size=&#8221;full&#8221; alignment=&#8221;center&#8221;][\/vc_column][vc_column width=&#8221;1\/4&#8243;][\/vc_column][\/vc_row][vc_row css=&#8221;.vc_custom_1454079314994{margin-top: 0px !important;border-top-width:&#8230;<\/p>\n","protected":false},"author":15,"featured_media":0,"parent":0,"menu_order":1,"comment_status":"closed","ping_status":"closed","template":"","meta":[],"acf":[],"_links":{"self":[{"href":"https:\/\/monopolitourism.com\/en\/wp-json\/wp\/v2\/pages\/4270"}],"collection":[{"href":"https:\/\/monopolitourism.com\/en\/wp-json\/wp\/v2\/pages"}],"about":[{"href":"https:\/\/monopolitourism.com\/en\/wp-json\/wp\/v2\/types\/page"}],"author":[{"embeddable":true,"href":"https:\/\/monopolitourism.com\/en\/wp-json\/wp\/v2\/users\/15"}],"replies":[{"embeddable":true,"href":"https:\/\/monopolitourism.com\/en\/wp-json\/wp\/v2\/comments?post=4270"}],"version-history":[{"count":4,"href":"https:\/\/monopolitourism.com\/en\/wp-json\/wp\/v2\/pages\/4270\/revisions"}],"predecessor-version":[{"id":4382,"href":"https:\/\/monopolitourism.com\/en\/wp-json\/wp\/v2\/pages\/4270\/revisions\/4382"}],"wp:attachment":[{"href":"https:\/\/monopolitourism.com\/en\/wp-json\/wp\/v2\/media?parent=4270"}],"curies":[{"name":"wp","href":"https:\/\/api.w.org\/{rel}","templated":true}]}}