{"id":6403,"date":"2022-11-29T13:04:35","date_gmt":"2022-11-29T12:04:35","guid":{"rendered":"https:\/\/monopolitourism.com\/the-aircraft-shelters\/"},"modified":"2025-06-10T17:03:00","modified_gmt":"2025-06-10T15:03:00","slug":"the-aircraft-shelters","status":"publish","type":"page","link":"https:\/\/monopolitourism.com\/en\/the-aircraft-shelters\/","title":{"rendered":"The Aircraft Shelters"},"content":{"rendered":"<div dir=\"auto\">\n<p>The Anti-Aircraft Shelters in Piazza Vittorio Emanuele are the underground tunnels built during the Second World War, which can be visited today for a fascinating journey into the memory and history of the city of Monopoli.<\/p>\n<p>The visit lasts about 30 minutes and is available on Saturdays and Sundays, from 5:00 pm to 8:00 pm.<br \/>\nThe entrance fee is 3 euros.<\/p>\n<p>For information: Info-Point in Piazza Garibaldi 24<br \/>\nTelephone: 080 4140264 \u2013 Email: info.monopoli@viaggiareinpuglia.it<\/p>\n<\/div>\n<!-- Begin Yuzo --><div class='yuzo_related_post style-2'  data-version='5.12.82'><!-- without result --><div class='yuzo_clearfixed yuzo__title yuzo__title'><h4>Potrebbe interessarti...<\/h4><\/div>\n\t\t\t\t\t\t<div class=\"relatedthumb yuzo-list  \" style=\"\"  >  \n\t\t\t\t\t\t  <a  href=\"https:\/\/monopolitourism.com\/en\/2022\/09\/21\/the-european-heritage-days-ehd-are-back\/\" class=\"image-list\"  >\n\t\t\t\t\t\t  <div class=\"yuzo-img-wrap  ilen_shine \" style=\"width: 165px;height:130px;\">\n\t\t\t\t\t\t\t\t\t <span class='shine-effect'><\/span> \n\t\t\t\t\t\t\t\t\t <div class=\"yuzo-img\" style=\"background:url('https:\/\/monopolitourism.com\/wp-content\/uploads\/2022\/09\/GEP_Card-300x169.png') 50% 50% no-repeat;width: 170px;height:130px;margin-bottom: 5px;background-size:  cover;  \"><\/div>\n\t\t\t\t\t\t  <\/div>\n\t\t\t\t\t\t  <\/a>\n\t\t\t\t\t\t  <a  class=\"link-list yuzo__text--title\" href=\"https:\/\/monopolitourism.com\/en\/2022\/09\/21\/the-european-heritage-days-ehd-are-back\/\" style=\"font-size:16px;font-weight:bold;;line-height:24px;\"> The \u201cEuropean Heritage Days\u201d (EHD) are back  <\/a>\n\t\t\t\t\t\t\t\t<span class=\"yuzo_text\" style=\"font-size:12px;\" >Monopoli\u2019s Cultural Assessor, Rosanna Perricci, will join the European Heritage Days (EHD) on Saturday 24\/09 and Sunday 25\/09, the biggest and most widespread cultural event in Europe.\r\n\r\nThis edition topic is \u201cSustainable cultural heritage: a legacy for the future\u201d, recalling the European slogan \u201cSustainable Heritage\u201d chosen by the European Counci...<\/span>\n\t\t\t\t\t\t   \n\t\t\t\t\t\t<\/div>\n\t\t\t\t\t\t<div class=\"relatedthumb yuzo-list  \" style=\"\"  >  \n\t\t\t\t\t\t  <a  href=\"https:\/\/monopolitourism.com\/en\/2024\/02\/07\/visit-monopoli-the-presentation-video-for-the-2024-events-season\/\" class=\"image-list\"  >\n\t\t\t\t\t\t  <div class=\"yuzo-img-wrap  ilen_shine \" style=\"width: 165px;height:130px;\">\n\t\t\t\t\t\t\t\t\t <span class='shine-effect'><\/span> \n\t\t\t\t\t\t\t\t\t <div class=\"yuzo-img\" style=\"background:url('https:\/\/monopolitourism.com\/wp-content\/uploads\/2024\/02\/MainEvents2024_banner_1920x1080_Rev02.png') 50% 50% no-repeat;width: 170px;height:130px;margin-bottom: 5px;background-size:  cover;  \"><\/div>\n\t\t\t\t\t\t  <\/div>\n\t\t\t\t\t\t  <\/a>\n\t\t\t\t\t\t  <a  class=\"link-list yuzo__text--title\" href=\"https:\/\/monopolitourism.com\/en\/2024\/02\/07\/visit-monopoli-the-presentation-video-for-the-2024-events-season\/\" style=\"font-size:16px;font-weight:bold;;line-height:24px;\"> Visit Monopoli: the presentation video for the 202...  <\/a>\n\t\t\t\t\t\t\t\t<span class=\"yuzo_text\" style=\"font-size:12px;\" >This year again, the City of Monopoli participated in BIT24, the International Tourism Exchange, to present the calendar of events for 2024. Watch the promotional video presented during the event, discover the program on our website at the following link:\r\nhttps:\/\/monopolitourism.com\/en\/2024\/02\/05\/bit-2024-presentation-of-the-city-of-monopolis-tour...<\/span>\n\t\t\t\t\t\t   \n\t\t\t\t\t\t<\/div>\n\t\t\t\t\t\t<div class=\"relatedthumb yuzo-list  \" style=\"\"  >  \n\t\t\t\t\t\t  <a  href=\"https:\/\/monopolitourism.com\/en\/2024\/02\/05\/bit-2024-presentation-of-the-city-of-monopolis-tourist-events\/\" class=\"image-list\"  >\n\t\t\t\t\t\t  <div class=\"yuzo-img-wrap  ilen_shine \" style=\"width: 165px;height:130px;\">\n\t\t\t\t\t\t\t\t\t <span class='shine-effect'><\/span> \n\t\t\t\t\t\t\t\t\t <div class=\"yuzo-img\" style=\"background:url('https:\/\/monopolitourism.com\/wp-content\/uploads\/2024\/02\/WhatsApp-Image-2024-02-05-at-09.41.35.jpeg') 50% 50% no-repeat;width: 170px;height:130px;margin-bottom: 5px;background-size:  cover;  \"><\/div>\n\t\t\t\t\t\t  <\/div>\n\t\t\t\t\t\t  <\/a>\n\t\t\t\t\t\t  <a  class=\"link-list yuzo__text--title\" href=\"https:\/\/monopolitourism.com\/en\/2024\/02\/05\/bit-2024-presentation-of-the-city-of-monopolis-tourist-events\/\" style=\"font-size:16px;font-weight:bold;;line-height:24px;\"> Bit 2024: Presentation of the City of Monopoli&#82...  <\/a>\n\t\t\t\t\t\t\t\t<span class=\"yuzo_text\" style=\"font-size:12px;\" >A long calendar of events, music, theatre, exhibitions, meetings with authors and traditions that will accompany citizens, visitors and tourists until the end of the year. But also the valorization of the cultural heritage owned by the municipality, citizens and the extra-urban territory. This is the tourist offer presented by the Municipality of M...<\/span>\n\t\t\t\t\t\t   \n\t\t\t\t\t\t<\/div>\n\t\t\t\t\t\t<div class=\"relatedthumb yuzo-list  \" style=\"\"  >  \n\t\t\t\t\t\t  <a  href=\"https:\/\/monopolitourism.com\/en\/2016\/05\/04\/15-settembre-30-ottobre-phest\/\" class=\"image-list\"  >\n\t\t\t\t\t\t  <div class=\"yuzo-img-wrap  ilen_shine \" style=\"width: 165px;height:130px;\">\n\t\t\t\t\t\t\t\t\t <span class='shine-effect'><\/span> \n\t\t\t\t\t\t\t\t\t <div class=\"yuzo-img\" style=\"background:url('https:\/\/monopolitourism.com\/wp-content\/uploads\/2016\/05\/phest-300x200.jpg') 50% 50% no-repeat;width: 170px;height:130px;margin-bottom: 5px;background-size:  cover;  \"><\/div>\n\t\t\t\t\t\t  <\/div>\n\t\t\t\t\t\t  <\/a>\n\t\t\t\t\t\t  <a  class=\"link-list yuzo__text--title\" href=\"https:\/\/monopolitourism.com\/en\/2016\/05\/04\/15-settembre-30-ottobre-phest\/\" style=\"font-size:16px;font-weight:bold;;line-height:24px;\"> 15 settembre \/ 30 ottobre \u2013 PhEST  <\/a>\n\t\t\t\t\t\t\t\t<span class=\"yuzo_text\" style=\"font-size:12px;\" >PhEST:\u00a0una\u00a0festa\u00a0della\u00a0fotografia\u00a0a\u00a0Monopoli\r\n\r\n15 settembre -\u00a030 ottobre \/ Castello di Monopoli\r\n\r\nPhEST \u00e8 una festa internazionale della fotografia (Photography) che guarda a EST a partire dal punto di vista privilegiato di Monopoli. La prima edizione di quello che diventer\u00e0 un appuntamento fisso per la citt\u00e0 \u00e8 prevista dal 15 settembre al 30 ott...<\/span>\n\t\t\t\t\t\t   \n\t\t\t\t\t\t<\/div>\n<\/div> <style>\n\t\t\t\t\t\t.yuzo_related_post .relatedthumb { background: !important; -webkit-transition: background 0.2s linear; -moz-transition: background 0.2s linear; -o-transition: background 0.2s linear; transition: background 0.2s linear;;color:!important; }\n\t\t\t\t\t\t.yuzo_related_post .relatedthumb:hover{background:#f7f7f7 !important;color:!important;}\n\t\t\t\t\t\t.yuzo_related_post .yuzo_text {color:!important;}\n\t\t\t\t\t\t.yuzo_related_post .relatedthumb:hover .yuzo_text {color:!important;}\n\t\t\t\t\t\t.yuzo_related_post .relatedthumb a{color:!important;}\n\t\t\t\t\t\t.yuzo_related_post .relatedthumb a:hover{color:!important;}\n\t\t\t\t\t\t.yuzo_related_post .relatedthumb:hover a{ color:!important;}\n\t\t\t\t\t\t.yuzo_related_post .relatedthumb{  margin: 0px  0px  0px  0px;   padding: 20px  5px  5px  5px;  }\n\t\t\t\t\t\t.yuzo_related_post .relatedthumb{}\n\t\t\t\t\t\t<\/style>  <!-- End Yuzo :) -->","protected":false},"excerpt":{"rendered":"<p>The Anti-Aircraft Shelters in Piazza Vittorio Emanuele are the underground tunnels built during the Second World War, which can be visited&#8230;<\/p>\n","protected":false},"author":12,"featured_media":0,"parent":0,"menu_order":0,"comment_status":"closed","ping_status":"closed","template":"rifugi-antiaerei.php","meta":[],"acf":[],"_links":{"self":[{"href":"https:\/\/monopolitourism.com\/en\/wp-json\/wp\/v2\/pages\/6403"}],"collection":[{"href":"https:\/\/monopolitourism.com\/en\/wp-json\/wp\/v2\/pages"}],"about":[{"href":"https:\/\/monopolitourism.com\/en\/wp-json\/wp\/v2\/types\/page"}],"author":[{"embeddable":true,"href":"https:\/\/monopolitourism.com\/en\/wp-json\/wp\/v2\/users\/12"}],"replies":[{"embeddable":true,"href":"https:\/\/monopolitourism.com\/en\/wp-json\/wp\/v2\/comments?post=6403"}],"version-history":[{"count":3,"href":"https:\/\/monopolitourism.com\/en\/wp-json\/wp\/v2\/pages\/6403\/revisions"}],"predecessor-version":[{"id":8019,"href":"https:\/\/monopolitourism.com\/en\/wp-json\/wp\/v2\/pages\/6403\/revisions\/8019"}],"wp:attachment":[{"href":"https:\/\/monopolitourism.com\/en\/wp-json\/wp\/v2\/media?parent=6403"}],"curies":[{"name":"wp","href":"https:\/\/api.w.org\/{rel}","templated":true}]}}